{"id":26,"date":"2018-04-26T15:28:57","date_gmt":"2018-04-26T19:28:57","guid":{"rendered":"https:\/\/legales.radionuevomundo.cl\/?page_id=26"},"modified":"2018-06-29T16:41:24","modified_gmt":"2018-06-29T20:41:24","slug":"acreditaciones-legales","status":"publish","type":"page","link":"https:\/\/legales.radionuevomundo.cl\/?page_id=26","title":{"rendered":""},"content":{"rendered":"<div class=\"mp-row-fluid motopress-row mpce-dsbl-margin-left mpce-dsbl-margin-right\">\n<div class=\"motopress-clmn mp-span12  mpce-dsbl-margin-left mpce-dsbl-margin-right\">\n<div class=\"motopress-service-box-obj motopress-service-box-centered motopress-service-box-icon-effect-grayscale motopress-service-box-basic\"><div class=\"motopress-service-box-icon-section motopress-service-box-small-icon\"  style=\" padding-left: 0px; padding-right: 0px; padding-top: 0px; padding-bottom: 0px;\"><div class=\"motopress-service-box-icon-holder\"  style=\" font-size: 35px;\"><i class=\"fa fa-address-card-o mp-text-color-aqua-blue\" ><\/i><\/div><\/div><div class=\"motopress-service-box-heading-section\"><h2>ACREDITACION SUBTEL<\/h2><\/div><div class=\"motopress-service-box-content-section\">\n<p>Desde este apartado usted podr\u00e1 descargar el documento de acreditacion legal Correpondiente a la Sub Secretaria de Telecomunicaciones de Chile<\/p>\n<\/div><div class=\"motopress-service-box-button-section motopress-text-align-center\"><a href=\"https:\/\/legales.radionuevomundo.cl\/wp-content\/uploads\/2018\/04\/ACREDITACION-SUBTEL.pdf\" class=\"motopress-btn motopress-btn-size-middle motopress-btn-rounded motopress-btn-color-red\" rel=\"\" >Descargar Pdf<\/a><\/div><\/div>\n<\/div>\n<\/div>\n<div class=\"mp-row-fluid motopress-row mpce-dsbl-margin-left mpce-dsbl-margin-right\">\n<div class=\"motopress-clmn mp-span12  mpce-dsbl-margin-left mpce-dsbl-margin-right\">\n<div class=\"motopress-service-box-obj motopress-service-box-centered motopress-service-box-basic\"><div class=\"motopress-service-box-icon-section motopress-service-box-small-icon\"  style=\" padding-left: 0px; padding-right: 0px; padding-top: 0px; padding-bottom: 0px;\"><div class=\"motopress-service-box-icon-holder\"  style=\" font-size: 35px;\"><i class=\"fa fa-address-card-o mp-text-color-aqua-blue\" ><\/i><\/div><\/div><div class=\"motopress-service-box-heading-section\"><h2>ACREDITACION CORTE SUPREMA<\/h2><\/div><div class=\"motopress-service-box-content-section\">\n<p>Desde este apartado usted podr\u00e1 descargar el documento de acreditaci\u00f3n legal Correspondiente a La Corte Suprema de Chile.<\/p>\n<\/div><div class=\"motopress-service-box-button-section motopress-text-align-center\"><a href=\"https:\/\/legales.radionuevomundo.cl\/wp-content\/uploads\/2018\/04\/CORTE-SUPREMA-001.pdf\" class=\"motopress-btn motopress-btn-size-middle motopress-btn-rounded motopress-btn-color-red\" rel=\"\" >Descarga Pdf<\/a><\/div><\/div>\n<\/div>\n<\/div>\n<div class=\"mp-row-fluid motopress-row mpce-dsbl-margin-left mpce-dsbl-margin-right\">\n<div class=\"motopress-clmn mp-span12  mpce-dsbl-margin-left mpce-dsbl-margin-right\">\n<div class=\"motopress-service-box-obj motopress-service-box-centered motopress-service-box-basic\"><div class=\"motopress-service-box-icon-section motopress-service-box-small-icon\"  style=\" padding-left: 0px; padding-right: 0px; padding-top: 0px; padding-bottom: 0px;\"><div class=\"motopress-service-box-icon-holder\"  style=\" font-size: 35px;\"><i class=\"fa fa-address-card-o mp-text-color-aqua-blue\" ><\/i><\/div><\/div><div class=\"motopress-service-box-heading-section\"><h2>CERTIFICADO REGISTRO Y DEPOSITO LEGAL N\u00b0 620 Radio Nuevo Mundo<\/h2><\/div><div class=\"motopress-service-box-content-section\">\n<p>Desde este apartado usted podra descargar el documento denominado Certificado Registro y deposito Legal de Nuestro Medio, Radio Nuevo Mundo.<\/p>\n<\/div><div class=\"motopress-service-box-button-section motopress-text-align-center\"><a href=\"https:\/\/legales.radionuevomundo.cl\/wp-content\/uploads\/2018\/04\/CERTIFICADO-REGISTRO-Y-DEPOSITO-LEGAL-N\u00b0-620_Radio-Nuevo-Mundo..pdf\" class=\"motopress-btn motopress-btn-size-middle motopress-btn-rounded motopress-btn-color-red\" rel=\"\" >Descargar Pdf<\/a><\/div><\/div>\n<\/div>\n<\/div>\n<div class=\"mp-row-fluid motopress-row mpce-dsbl-margin-left mpce-dsbl-margin-right\">\n<div class=\"motopress-clmn mp-span12  mpce-dsbl-margin-left mpce-dsbl-margin-right\">\n<div class=\"motopress-service-box-obj motopress-service-box-centered motopress-service-box-basic\"><div class=\"motopress-service-box-icon-section motopress-service-box-small-icon\"  style=\" padding-left: 0px; padding-right: 0px; padding-top: 0px; padding-bottom: 0px;\"><div class=\"motopress-service-box-icon-holder\"  style=\" font-size: 35px;\"><i class=\"fa fa-address-card-o mp-text-color-aqua-blue\" ><\/i><\/div><\/div><div class=\"motopress-service-box-heading-section\"><h2>Direcci\u00f3n General de Aguas<\/h2><\/div><div class=\"motopress-service-box-content-section\">\n<p>Desde este apartado usted podr\u00e1 descargar el documento de acreditaci\u00f3n legal Correspondiente a La Direcci\u00f3n General de Aguas.<\/p>\n<\/div><div class=\"motopress-service-box-button-section motopress-text-align-center\"><a href=\"https:\/\/legales.radionuevomundo.cl\/wp-content\/uploads\/2018\/04\/Direcci\u00f3n-General-de-Aguas.pdf\" class=\"motopress-btn motopress-btn-size-middle motopress-btn-rounded motopress-btn-color-red\" rel=\"\" >Descargar Pdf<\/a><\/div><\/div>\n<\/div>\n<\/div>\n<div class=\"mp-row-fluid motopress-row mpce-dsbl-margin-left mpce-dsbl-margin-right\">\n<div class=\"motopress-clmn mp-span12  mpce-dsbl-margin-left mpce-dsbl-margin-right\">\n<div class=\"motopress-service-box-obj motopress-service-box-centered motopress-service-box-basic\"><div class=\"motopress-service-box-icon-section motopress-service-box-small-icon\"  style=\" padding-left: 0px; padding-right: 0px; padding-top: 0px; padding-bottom: 0px;\"><div class=\"motopress-service-box-icon-holder\"  style=\" font-size: 35px;\"><i class=\"fa fa-address-card-o mp-text-color-aqua-blue\" ><\/i><\/div><\/div><div class=\"motopress-service-box-heading-section\"><h2>Superintendencia de Casinos y Juegos<\/h2><\/div><div class=\"motopress-service-box-content-section\">\n<p>Desde este apartado usted podra descargar el documento de acreditaci\u00f3n legal Correspondiente a La Superintendencia de Casinos y Juegos.<\/p>\n<\/div><div class=\"motopress-service-box-button-section motopress-text-align-center\"><a href=\"https:\/\/legales.radionuevomundo.cl\/wp-content\/uploads\/2018\/04\/superintendencia-de-casinos-y-juegos.pdf\" class=\"motopress-btn motopress-btn-size-middle motopress-btn-rounded motopress-btn-color-red\" rel=\"\" >Descargar Pdf<\/a><\/div><\/div>\n<\/div>\n<\/div>\n<div class=\"mp-row-fluid motopress-row mpce-dsbl-margin-left mpce-dsbl-margin-right\">\n<div class=\"motopress-clmn mp-span12  mpce-dsbl-margin-left mpce-dsbl-margin-right\">\n<div class=\"motopress-service-box-obj motopress-service-box-centered motopress-service-box-basic\"><div class=\"motopress-service-box-icon-section motopress-service-box-small-icon\"  style=\" padding-left: 0px; padding-right: 0px; padding-top: 0px; padding-bottom: 0px;\"><div class=\"motopress-service-box-icon-holder\"  style=\" font-size: 35px;\"><i class=\"fa fa-address-card-o mp-text-color-aqua-blue\" ><\/i><\/div><\/div><div class=\"motopress-service-box-heading-section\"><h2>Superintendencia de Electricidad y Combustible.<\/h2><\/div><div class=\"motopress-service-box-content-section\">\n<p>Desde este apartado usted podra descargar el documento de acreditaci\u00f3n legal Correspondiente a La Superintendencia de Electricidad y Combustibles.<\/p>\n<\/div><div class=\"motopress-service-box-button-section motopress-text-align-center\"><a href=\"https:\/\/legales.radionuevomundo.cl\/wp-content\/uploads\/2018\/04\/superintendencia-de-electricidad-y-combustible.pdf\" class=\"motopress-btn motopress-btn-size-middle motopress-btn-rounded motopress-btn-color-red\" rel=\"\" >Descargar Pdf<\/a><\/div><\/div>\n<\/div>\n<\/div>\n<div class=\"mp-row-fluid motopress-row mpce-dsbl-margin-left mpce-dsbl-margin-right\">\n<div class=\"motopress-clmn mp-span12  mpce-dsbl-margin-left mpce-dsbl-margin-right\">\n<div class=\"motopress-service-box-obj motopress-service-box-centered motopress-service-box-basic\"><div class=\"motopress-service-box-icon-section motopress-service-box-small-icon\"  style=\" padding-left: 0px; padding-right: 0px; padding-top: 0px; padding-bottom: 0px;\"><div class=\"motopress-service-box-icon-holder\"  style=\" font-size: 35px;\"><i class=\"fa fa-address-card-o mp-text-color-aqua-blue\" ><\/i><\/div><\/div><div class=\"motopress-service-box-heading-section\"><h2>Superintendencia de Insolvencia y Reemprendimiento<\/h2><\/div><div class=\"motopress-service-box-content-section\">\n<p>Desde este apartado usted podra descargar el documento de acreditaci\u00f3n legal Correspondiente a La Superintendencia de Insolvencia y Reemprendimiento.<\/p>\n<\/div><div class=\"motopress-service-box-button-section motopress-text-align-center\"><a href=\"https:\/\/legales.radionuevomundo.cl\/wp-content\/uploads\/2018\/04\/superintendencia-de-insolvencia-y-reemprendimiento.pdf\" class=\"motopress-btn motopress-btn-size-middle motopress-btn-rounded motopress-btn-color-red\" rel=\"\" >Descargar Pdf<\/a><\/div><\/div>\n<\/div>\n<\/div>\n<div class=\"mp-row-fluid motopress-row mpce-dsbl-margin-left mpce-dsbl-margin-right\">\n<div class=\"motopress-clmn mp-span12  mpce-dsbl-margin-left mpce-dsbl-margin-right\">\n<div class=\"motopress-service-box-obj motopress-service-box-centered motopress-service-box-basic\"><div class=\"motopress-service-box-icon-section motopress-service-box-small-icon\"  style=\" padding-left: 0px; padding-right: 0px; padding-top: 0px; padding-bottom: 0px;\"><div class=\"motopress-service-box-icon-holder\"  style=\" font-size: 35px;\"><i class=\"fa fa-address-card-o mp-text-color-aqua-blue\" ><\/i><\/div><\/div><div class=\"motopress-service-box-heading-section\"><h2>Superintendencia de Pensiones<\/h2><\/div><div class=\"motopress-service-box-content-section\">\n<p>Desde este apartado usted podra descargar el documento de acreditaci\u00f3n legal Correspondiente a La Superintendencia de Pensiones.<\/p>\n<\/div><div class=\"motopress-service-box-button-section motopress-text-align-center\"><a href=\"https:\/\/legales.radionuevomundo.cl\/wp-content\/uploads\/2018\/04\/superintendencia-de-pensiones.pdf\" class=\"motopress-btn motopress-btn-size-middle motopress-btn-rounded motopress-btn-color-red\" rel=\"\" >Descargar Pdf<\/a><\/div><\/div>\n<\/div>\n<\/div>\n<div class=\"mp-row-fluid motopress-row mpce-dsbl-margin-left mpce-dsbl-margin-right\">\n<div class=\"motopress-clmn mp-span12  mpce-dsbl-margin-left mpce-dsbl-margin-right\">\n<div class=\"motopress-service-box-obj motopress-service-box-centered motopress-service-box-basic\"><div class=\"motopress-service-box-icon-section motopress-service-box-small-icon\"  style=\" padding-left: 0px; padding-right: 0px; padding-top: 0px; padding-bottom: 0px;\"><div class=\"motopress-service-box-icon-holder\"  style=\" font-size: 35px;\"><i class=\"fa fa-address-card-o mp-text-color-aqua-blue\" ><\/i><\/div><\/div><div class=\"motopress-service-box-heading-section\"><h2>Superintendencia de Salud.<\/h2><\/div><div class=\"motopress-service-box-content-section\">\n<p>Desde este apartado usted podra descargar el documento de acreditaci\u00f3n legal Correspondiente a La Superintendencia de Salud.<\/p>\n<\/div><div class=\"motopress-service-box-button-section motopress-text-align-center\"><a href=\"https:\/\/legales.radionuevomundo.cl\/wp-content\/uploads\/2018\/04\/superintendencia-de-salud.pdf\" class=\"motopress-btn motopress-btn-size-middle motopress-btn-rounded motopress-btn-color-red\" rel=\"\" >Descargar Pdf<\/a><\/div><\/div>\n<\/div>\n<\/div>\n<div class=\"mp-row-fluid motopress-row mpce-dsbl-margin-left mpce-dsbl-margin-right\">\n<div class=\"motopress-clmn mp-span12  mpce-dsbl-margin-left mpce-dsbl-margin-right\">\n<div class=\"motopress-service-box-obj motopress-service-box-centered motopress-service-box-basic\"><div class=\"motopress-service-box-icon-section motopress-service-box-small-icon\"  style=\" padding-left: 0px; padding-right: 0px; padding-top: 0px; padding-bottom: 0px;\"><div class=\"motopress-service-box-icon-holder\"  style=\" font-size: 35px;\"><i class=\"fa fa-address-card-o mp-text-color-aqua-blue\" ><\/i><\/div><\/div><div class=\"motopress-service-box-heading-section\"><h2>Superintendencia de Seguridad Social.<\/h2><\/div><div class=\"motopress-service-box-content-section\">\n<p>Desde este apartado usted podra descargar el documento de acreditaci\u00f3n legal Correspondiente a La Superintendencia de Seguridad Social.<\/p>\n<\/div><div class=\"motopress-service-box-button-section motopress-text-align-center\"><a href=\"https:\/\/legales.radionuevomundo.cl\/wp-content\/uploads\/2018\/04\/superintendencia-de-seguridad-social.pdf\" class=\"motopress-btn motopress-btn-size-middle motopress-btn-rounded motopress-btn-color-red\" rel=\"\" >Descargar Pdf<\/a><\/div><\/div>\n<\/div>\n<\/div>\n<div class=\"mp-row-fluid motopress-row mpce-dsbl-margin-left mpce-dsbl-margin-right\">\n<div class=\"motopress-clmn mp-span12  mpce-dsbl-margin-left mpce-dsbl-margin-right\">\n<div class=\"motopress-service-box-obj motopress-service-box-centered motopress-service-box-basic\"><div class=\"motopress-service-box-icon-section motopress-service-box-small-icon\"  style=\" padding-left: 0px; padding-right: 0px; padding-top: 0px; padding-bottom: 0px;\"><div class=\"motopress-service-box-icon-holder\"  style=\" font-size: 35px;\"><i class=\"fa fa-address-card-o mp-text-color-aqua-blue\" ><\/i><\/div><\/div><div class=\"motopress-service-box-heading-section\"><h2>Superintendencia de Servicios Sanitarios<\/h2><\/div><div class=\"motopress-service-box-content-section\">\n<p>Desde este apartado usted podra descargar el documento de acreditaci\u00f3n legal Correspondiente a La Superintendencia de Servicios Sanitarios.<\/p>\n<\/div><div class=\"motopress-service-box-button-section motopress-text-align-center\"><a href=\"https:\/\/legales.radionuevomundo.cl\/wp-content\/uploads\/2018\/04\/superintendencia-de-servicios-sanitarios-001.pdf\" class=\"motopress-btn motopress-btn-size-middle motopress-btn-rounded motopress-btn-color-red\" rel=\"\" >Descargar Pdf<\/a><\/div><\/div>\n<\/div>\n<\/div>\n<div class=\"mp-row-fluid motopress-row mpce-dsbl-margin-left mpce-dsbl-margin-right\">\n<div class=\"motopress-clmn mp-span12  mpce-dsbl-margin-left mpce-dsbl-margin-right\">\n<div class=\"motopress-service-box-obj motopress-service-box-centered motopress-service-box-basic\"><div class=\"motopress-service-box-icon-section motopress-service-box-small-icon\"  style=\" padding-left: 0px; padding-right: 0px; padding-top: 0px; padding-bottom: 0px;\"><div class=\"motopress-service-box-icon-holder\"  style=\" font-size: 35px;\"><i class=\"fa fa-star-o mp-text-color-default\" ><\/i><\/div><\/div><div class=\"motopress-service-box-heading-section\"><h2>Servicio De Impuestos Internos<\/h2><\/div><div class=\"motopress-service-box-content-section\">\n<p>Desde este apartado usted podra descargar el documento de acreditaci\u00f3n legal Correspondiente al Servicio de Impuestos Internos .<\/p>\n<\/div><div class=\"motopress-service-box-button-section motopress-text-align-center\"><a href=\"https:\/\/legales.radionuevomundo.cl\/wp-content\/uploads\/2018\/06\/RESPUESTA-SII.pdf\" class=\"motopress-btn motopress-btn-size-middle motopress-btn-rounded motopress-btn-color-red\" rel=\"\" >Descargar Pdf<\/a><\/div><\/div>\n<\/div>\n<\/div>\n<div style=\"min-height: 30px;\"><\/div>","protected":false},"excerpt":{"rendered":"ACREDITACION SUBTEL Desde este apartado usted podr\u00e1 descargar el documento de acreditacion legal Correpondiente a la Sub Secretaria de Telecomunicaciones de Chile Descargar Pdf ACREDITACION CORTE SUPREMA Desde este apartado usted podr\u00e1 descargar el documento de acreditaci\u00f3n legal Correspondiente a La Corte Suprema de Chile. Descarga Pdf CERTIFICADO REGISTRO Y DEPOSITO LEGAL N\u00b0 620 Radio [&hellip;]","protected":false},"author":2,"featured_media":0,"parent":0,"menu_order":0,"comment_status":"closed","ping_status":"closed","template":"","meta":{"footnotes":""},"class_list":["post-26","page","type-page","status-publish","hentry"],"_links":{"self":[{"href":"https:\/\/legales.radionuevomundo.cl\/index.php?rest_route=\/wp\/v2\/pages\/26","targetHints":{"allow":["GET"]}}],"collection":[{"href":"https:\/\/legales.radionuevomundo.cl\/index.php?rest_route=\/wp\/v2\/pages"}],"about":[{"href":"https:\/\/legales.radionuevomundo.cl\/index.php?rest_route=\/wp\/v2\/types\/page"}],"author":[{"embeddable":true,"href":"https:\/\/legales.radionuevomundo.cl\/index.php?rest_route=\/wp\/v2\/users\/2"}],"replies":[{"embeddable":true,"href":"https:\/\/legales.radionuevomundo.cl\/index.php?rest_route=%2Fwp%2Fv2%2Fcomments&post=26"}],"version-history":[{"count":24,"href":"https:\/\/legales.radionuevomundo.cl\/index.php?rest_route=\/wp\/v2\/pages\/26\/revisions"}],"predecessor-version":[{"id":188,"href":"https:\/\/legales.radionuevomundo.cl\/index.php?rest_route=\/wp\/v2\/pages\/26\/revisions\/188"}],"wp:attachment":[{"href":"https:\/\/legales.radionuevomundo.cl\/index.php?rest_route=%2Fwp%2Fv2%2Fmedia&parent=26"}],"curies":[{"name":"wp","href":"https:\/\/api.w.org\/{rel}","templated":true}]}}